{"id":7,"date":"2016-06-17T06:35:06","date_gmt":"2016-06-17T04:35:06","guid":{"rendered":"http:\/\/toni-walker.ch\/?page_id=7"},"modified":"2016-06-24T13:53:47","modified_gmt":"2016-06-24T11:53:47","slug":"angebot","status":"publish","type":"page","link":"https:\/\/toni-walker.ch\/?page_id=7","title":{"rendered":"Angebot"},"content":{"rendered":"<h2 class=\"p1\">Angebot<\/h2>\n<p class=\"p2\">Seit mehr als 25 Jahren arbeite ich mit dem wundervollen Rohstoff Holz.<br \/>\nAls gelernter Schreiner und Zimmermann biete ich Ihnen in meinem Kleinbetrieb folgende\u00a0Arbeiten an:<\/p>\n<ul>\n<li class=\"p2\"><span style=\"text-decoration: underline;\">Innenausbau:<\/span> Wand, Decke und Boden mit zeitgerechtem Wandaufbau<\/li>\n<li class=\"p2\"><span style=\"text-decoration: underline;\">Bodenbelag:<\/span> Massivholzboden, Parkett, Laminat<\/li>\n<li class=\"p2\"><span style=\"text-decoration: underline;\">Oberfl\u00e4chenbehandlung<\/span> (Bodenbel\u00e4ge)<\/li>\n<li class=\"p2\"><span style=\"text-decoration: underline;\">Fassaden<\/span><\/li>\n<li class=\"p2\"><span style=\"text-decoration: underline;\">Balkonkonstruktionen und Gel\u00e4nder<\/span><\/li>\n<li class=\"p2\"><span style=\"text-decoration: underline;\">Terrassenboden<\/span><\/li>\n<li class=\"p2\"><span style=\"text-decoration: underline;\">Montagen:<\/span> Fenster, Tu\u0308ren etc.<\/li>\n<li class=\"p2\"><span style=\"text-decoration: underline;\">Reparaturen von Holzteilen aller Art<\/span><\/li>\n<li class=\"p2\"><span style=\"text-decoration: underline;\">Zimmermannskonstruktionen:<\/span> Riegel- und St\u00e4nderbau, Block- und Rundholzbau,\u00a0Dach und Dachaufbauten<\/li>\n<\/ul>\n<p class=\"p2\"><strong>Montagen<\/strong>: Als dipl. Kranfu\u0308hrer kann ich die Montagen selber organisieren und ausfu\u0308hren<\/p>\n<p><strong>Umbauten<\/strong>: Gerne u\u0308bernehme ich Ihren gesamten umbau und bin, als Ihr Ansprechpartner vor\u00a0Ort, fu\u0308r einen prompten Ablauf und eine termingerechte Fertigstellung bemu\u0308ht.<\/p>\n<p class=\"p2\">\n","protected":false},"excerpt":{"rendered":"<p>Angebot Seit mehr als 25 Jahren arbeite ich mit dem wundervollen Rohstoff Holz. Als gelernter Schreiner und Zimmermann biete ich Ihnen in meinem Kleinbetrieb folgende\u00a0Arbeiten an: Innenausbau: Wand, Decke und Boden mit zeitgerechtem Wandaufbau Bodenbelag: Massivholzboden, Parkett, Laminat Oberfl\u00e4chenbehandlung (Bodenbel\u00e4ge) Fassaden Balkonkonstruktionen und Gel\u00e4nder Terrassenboden Montagen: Fenster, Tu\u0308ren etc. Reparaturen von Holzteilen aller Art Zimmermannskonstruktionen: [&hellip;]<\/p>\n","protected":false},"author":2,"featured_media":0,"parent":0,"menu_order":0,"comment_status":"closed","ping_status":"closed","template":"","meta":{"footnotes":""},"_links":{"self":[{"href":"https:\/\/toni-walker.ch\/index.php?rest_route=\/wp\/v2\/pages\/7"}],"collection":[{"href":"https:\/\/toni-walker.ch\/index.php?rest_route=\/wp\/v2\/pages"}],"about":[{"href":"https:\/\/toni-walker.ch\/index.php?rest_route=\/wp\/v2\/types\/page"}],"author":[{"embeddable":true,"href":"https:\/\/toni-walker.ch\/index.php?rest_route=\/wp\/v2\/users\/2"}],"replies":[{"embeddable":true,"href":"https:\/\/toni-walker.ch\/index.php?rest_route=%2Fwp%2Fv2%2Fcomments&post=7"}],"version-history":[{"count":6,"href":"https:\/\/toni-walker.ch\/index.php?rest_route=\/wp\/v2\/pages\/7\/revisions"}],"predecessor-version":[{"id":51,"href":"https:\/\/toni-walker.ch\/index.php?rest_route=\/wp\/v2\/pages\/7\/revisions\/51"}],"wp:attachment":[{"href":"https:\/\/toni-walker.ch\/index.php?rest_route=%2Fwp%2Fv2%2Fmedia&parent=7"}],"curies":[{"name":"wp","href":"https:\/\/api.w.org\/{rel}","templated":true}]}}