{"id":11,"date":"2016-06-17T06:35:26","date_gmt":"2016-06-17T04:35:26","guid":{"rendered":"http:\/\/toni-walker.ch\/?page_id=11"},"modified":"2016-08-22T20:46:52","modified_gmt":"2016-08-22T18:46:52","slug":"persoenlich","status":"publish","type":"page","link":"https:\/\/toni-walker.ch\/?page_id=11","title":{"rendered":"Pers\u00f6nlich"},"content":{"rendered":"<h2>Toni Walker pers\u00f6nlich<\/h2>\n<p>Mein Name ist Walker Toni. Nach der obligatorischen Schulzeit in M\u00f6rel habe ich mich f\u00fcr die Schreinerlehre entschieden. Nach der Schreinerlehre habe ich noch die Ausbildung zum Zimmermann absolviert. Im Jahre 2006 er\u00f6ffnete ich einen kleinen Handwerksbetrieb f\u00fcr Schreiner und Zimmerarbeiten. In diesem Betrieb kann ich mich nun seit mehr als 10 Jahre kundennah, individuell und kreativ &#8222;austoben&#8220;. Im Winter bin ich f\u00fcr den Kanton Wallis im Winterdienst t\u00e4tig.<\/p>\n<p>Seit 2010 bin ich mit Silano Sonja verheiratet und wir haben 2 Kinder. Wir leben gl\u00fccklich in M\u00f6rel, wo wir beide aufgewachsen sind.<\/p>\n<p><img decoding=\"async\" loading=\"lazy\" class=\"alignnone size-full wp-image-99\" src=\"http:\/\/toni-walker.ch\/wp-content\/uploads\/2016\/06\/toni.jpg\" alt=\"toni\" width=\"274\" height=\"191\" \/><\/p>\n","protected":false},"excerpt":{"rendered":"<p>Toni Walker pers\u00f6nlich Mein Name ist Walker Toni. Nach der obligatorischen Schulzeit in M\u00f6rel habe ich mich f\u00fcr die Schreinerlehre entschieden. Nach der Schreinerlehre habe ich noch die Ausbildung zum Zimmermann absolviert. Im Jahre 2006 er\u00f6ffnete ich einen kleinen Handwerksbetrieb f\u00fcr Schreiner und Zimmerarbeiten. In diesem Betrieb kann ich mich nun seit mehr als 10 [&hellip;]<\/p>\n","protected":false},"author":2,"featured_media":0,"parent":0,"menu_order":0,"comment_status":"closed","ping_status":"closed","template":"","meta":{"footnotes":""},"_links":{"self":[{"href":"https:\/\/toni-walker.ch\/index.php?rest_route=\/wp\/v2\/pages\/11"}],"collection":[{"href":"https:\/\/toni-walker.ch\/index.php?rest_route=\/wp\/v2\/pages"}],"about":[{"href":"https:\/\/toni-walker.ch\/index.php?rest_route=\/wp\/v2\/types\/page"}],"author":[{"embeddable":true,"href":"https:\/\/toni-walker.ch\/index.php?rest_route=\/wp\/v2\/users\/2"}],"replies":[{"embeddable":true,"href":"https:\/\/toni-walker.ch\/index.php?rest_route=%2Fwp%2Fv2%2Fcomments&post=11"}],"version-history":[{"count":6,"href":"https:\/\/toni-walker.ch\/index.php?rest_route=\/wp\/v2\/pages\/11\/revisions"}],"predecessor-version":[{"id":130,"href":"https:\/\/toni-walker.ch\/index.php?rest_route=\/wp\/v2\/pages\/11\/revisions\/130"}],"wp:attachment":[{"href":"https:\/\/toni-walker.ch\/index.php?rest_route=%2Fwp%2Fv2%2Fmedia&parent=11"}],"curies":[{"name":"wp","href":"https:\/\/api.w.org\/{rel}","templated":true}]}}